{"id":15761,"date":"2025-03-21T11:53:05","date_gmt":"2025-03-21T11:53:05","guid":{"rendered":"https:\/\/renthousehuahin.com\/?page_id=15761"},"modified":"2025-03-23T09:13:22","modified_gmt":"2025-03-23T09:13:22","slug":"townhouses","status":"publish","type":"page","link":"https:\/\/renthousehuahin.com\/sv\/radhus\/","title":{"rendered":"Radhus"},"content":{"rendered":"<div data-elementor-type=\"wp-page\" data-elementor-id=\"15761\" class=\"elementor elementor-15761\" data-elementor-post-type=\"page\">\n\t\t\t\t<div class=\"elementor-element elementor-element-81c89d1 e-flex e-con-boxed e-con e-parent\" data-id=\"81c89d1\" data-element_type=\"container\">\n\t\t\t\t\t<div class=\"e-con-inner\">\n\t\t\t\t<div class=\"elementor-element elementor-element-8d4d28d elementor-widget elementor-widget-spacer\" data-id=\"8d4d28d\" data-element_type=\"widget\" data-widget_type=\"spacer.default\">\n\t\t\t\t<div class=\"elementor-widget-container\">\n\t\t\t\t\t\t\t<div class=\"elementor-spacer\">\n\t\t\t<div class=\"elementor-spacer-inner\"><\/div>\n\t\t<\/div>\n\t\t\t\t\t\t<\/div>\n\t\t\t\t<\/div>\n\t\t\t\t<div class=\"elementor-element elementor-element-fe3ff04 elementor-widget elementor-widget-heading\" data-id=\"fe3ff04\" data-element_type=\"widget\" data-widget_type=\"heading.default\">\n\t\t\t\t<div class=\"elementor-widget-container\">\n\t\t\t\t\t<h2 class=\"elementor-heading-title elementor-size-default\">Radhus<\/h2>\t\t\t\t<\/div>\n\t\t\t\t<\/div>\n\t\t\t\t<div class=\"elementor-element elementor-element-ffca1d3 elementor-widget elementor-widget-spacer\" data-id=\"ffca1d3\" data-element_type=\"widget\" data-widget_type=\"spacer.default\">\n\t\t\t\t<div class=\"elementor-widget-container\">\n\t\t\t\t\t\t\t<div class=\"elementor-spacer\">\n\t\t\t<div class=\"elementor-spacer-inner\"><\/div>\n\t\t<\/div>\n\t\t\t\t\t\t<\/div>\n\t\t\t\t<\/div>\n\t\t\t\t\t<\/div>\n\t\t\t\t<\/div>\n\t\t<div class=\"elementor-element elementor-element-ea84db1 e-flex e-con-boxed e-con e-parent\" data-id=\"ea84db1\" data-element_type=\"container\">\n\t\t\t\t\t<div class=\"e-con-inner\">\n\t\t\t\t\t<\/div>\n\t\t\t\t<\/div>\n\t\t<div class=\"elementor-element elementor-element-be0fe43 e-flex e-con-boxed e-con e-parent\" data-id=\"be0fe43\" data-element_type=\"container\">\n\t\t\t\t\t<div class=\"e-con-inner\">\n\t\t\t\t<div class=\"elementor-element elementor-element-032b348 elementor-position-left elementor-vertical-align-top elementor-widget elementor-widget-image-box\" data-id=\"032b348\" data-element_type=\"widget\" data-widget_type=\"image-box.default\">\n\t\t\t\t<div class=\"elementor-widget-container\">\n\t\t\t\t\t<div class=\"elementor-image-box-wrapper\"><figure class=\"elementor-image-box-img\"><a href=\"https:\/\/renthousehuahin.com\/sv\/baan-emma\/\" tabindex=\"-1\"><img fetchpriority=\"high\" decoding=\"async\" width=\"1200\" height=\"800\" src=\"https:\/\/renthousehuahin.com\/wp-content\/uploads\/2025\/03\/Baan-Emma-Common-Area-4.jpg\" class=\"attachment-full size-full wp-image-15836\" alt=\"\" srcset=\"https:\/\/renthousehuahin.com\/wp-content\/uploads\/2025\/03\/Baan-Emma-Common-Area-4.jpg 1200w, https:\/\/renthousehuahin.com\/wp-content\/uploads\/2025\/03\/Baan-Emma-Common-Area-4-300x200.jpg 300w, https:\/\/renthousehuahin.com\/wp-content\/uploads\/2025\/03\/Baan-Emma-Common-Area-4-1024x683.jpg 1024w, https:\/\/renthousehuahin.com\/wp-content\/uploads\/2025\/03\/Baan-Emma-Common-Area-4-768x512.jpg 768w, https:\/\/renthousehuahin.com\/wp-content\/uploads\/2025\/03\/Baan-Emma-Common-Area-4-360x240.jpg 360w, https:\/\/renthousehuahin.com\/wp-content\/uploads\/2025\/03\/Baan-Emma-Common-Area-4-720x480.jpg 720w, https:\/\/renthousehuahin.com\/wp-content\/uploads\/2025\/03\/Baan-Emma-Common-Area-4-750x500.jpg 750w\" sizes=\"(max-width: 1200px) 100vw, 1200px\" \/><\/a><\/figure><div class=\"elementor-image-box-content\"><h2 class=\"elementor-image-box-title\"><a href=\"https:\/\/renthousehuahin.com\/sv\/baan-emma\/\">Uppt\u00e4ck komfort p\u00e5 Baan Emma, \u200b\u200bHua Hin<\/a><\/h2><p class=\"elementor-image-box-description\">Baan Emma ligger i hj\u00e4rtat av Hua Hin och erbjuder mysigt boende med urban bekv\u00e4mlighet. Med sin bekv\u00e4ma atmosf\u00e4r, n\u00e4rhet till n\u00f6dv\u00e4ndiga bekv\u00e4mligheter och en v\u00e4lkomnande gemenskapsanda, erbjuder Baan Emma en livsstil som s\u00f6ml\u00f6st kombinerar komfort och modernt boende. V\u00e4lkommen till Baan Emma, \u200b\u200bd\u00e4r l\u00e4tthet m\u00f6ter gemenskap i Hua Hin.<\/p><\/div><\/div>\t\t\t\t<\/div>\n\t\t\t\t<\/div>\n\t\t\t\t<div class=\"elementor-element elementor-element-218989a elementor-position-left elementor-vertical-align-top elementor-widget elementor-widget-image-box\" data-id=\"218989a\" data-element_type=\"widget\" data-widget_type=\"image-box.default\">\n\t\t\t\t<div class=\"elementor-widget-container\">\n\t\t\t\t\t<div class=\"elementor-image-box-wrapper\"><figure class=\"elementor-image-box-img\"><a href=\"https:\/\/renthousehuahin.com\/sv\/baan-fanny\/\" tabindex=\"-1\"><img decoding=\"async\" width=\"980\" height=\"735\" src=\"https:\/\/renthousehuahin.com\/wp-content\/uploads\/2025\/03\/Common-Area-\u2013-Baan-Fanny-5.jpg\" class=\"attachment-full size-full wp-image-15871\" alt=\"\" srcset=\"https:\/\/renthousehuahin.com\/wp-content\/uploads\/2025\/03\/Common-Area-\u2013-Baan-Fanny-5.jpg 980w, https:\/\/renthousehuahin.com\/wp-content\/uploads\/2025\/03\/Common-Area-\u2013-Baan-Fanny-5-300x225.jpg 300w, https:\/\/renthousehuahin.com\/wp-content\/uploads\/2025\/03\/Common-Area-\u2013-Baan-Fanny-5-768x576.jpg 768w\" sizes=\"(max-width: 980px) 100vw, 980px\" \/><\/a><\/figure><div class=\"elementor-image-box-content\"><h2 class=\"elementor-image-box-title\"><a href=\"https:\/\/renthousehuahin.com\/sv\/baan-fanny\/\">Uppt\u00e4ck lugnet p\u00e5 Baan Fanny, Hua Hin<\/a><\/h2><p class=\"elementor-image-box-description\">Bel\u00e4get i hj\u00e4rtat av Hua Hin erbjuder Baan Fanny ett rofyllt boende med stadens bekv\u00e4mligheter inom r\u00e4ckh\u00e5ll. Med sin lugna atmosf\u00e4r, n\u00e4rhet till stranden och en sammansvetsad gemenskap erbjuder Baan Fanny en livsstil d\u00e4r stillhet och modernt liv m\u00f6ts i harmoni. V\u00e4lkommen till Baan Fanny \u2013 d\u00e4r lugnet m\u00f6ter gemenskapen i Hua Hin.<\/p><\/div><\/div>\t\t\t\t<\/div>\n\t\t\t\t<\/div>\n\t\t\t\t<div class=\"elementor-element elementor-element-bc3b289 elementor-position-left elementor-vertical-align-top elementor-widget elementor-widget-image-box\" data-id=\"bc3b289\" data-element_type=\"widget\" data-widget_type=\"image-box.default\">\n\t\t\t\t<div class=\"elementor-widget-container\">\n\t\t\t\t\t<div class=\"elementor-image-box-wrapper\"><figure class=\"elementor-image-box-img\"><a href=\"https:\/\/renthousehuahin.com\/sv\/baan-jennie\/\" tabindex=\"-1\"><img decoding=\"async\" width=\"1200\" height=\"675\" src=\"https:\/\/renthousehuahin.com\/wp-content\/uploads\/2025\/03\/BJ-Area02.jpg\" class=\"attachment-full size-full wp-image-15905\" alt=\"\" srcset=\"https:\/\/renthousehuahin.com\/wp-content\/uploads\/2025\/03\/BJ-Area02.jpg 1200w, https:\/\/renthousehuahin.com\/wp-content\/uploads\/2025\/03\/BJ-Area02-300x169.jpg 300w, https:\/\/renthousehuahin.com\/wp-content\/uploads\/2025\/03\/BJ-Area02-1024x576.jpg 1024w, https:\/\/renthousehuahin.com\/wp-content\/uploads\/2025\/03\/BJ-Area02-768x432.jpg 768w\" sizes=\"(max-width: 1200px) 100vw, 1200px\" \/><\/a><\/figure><div class=\"elementor-image-box-content\"><h2 class=\"elementor-image-box-title\"><a href=\"https:\/\/renthousehuahin.com\/sv\/baan-jennie\/\">Uppt\u00e4ck komforten p\u00e5 Baan Jennie, Hua Hin<\/a><\/h2><p class=\"elementor-image-box-description\">Bel\u00e4get i Hua Hin erbjuder Baan Jennie en kombination av lugnt boende och stadens bekv\u00e4mligheter. Med rofyllda omgivningar, enkel tillg\u00e5ng till stranden och en stark gemenskapsk\u00e4nsla erbjuder Baan Jennie en livsstil som balanserar avkoppling med moderna faciliteter. V\u00e4lkommen till Baan Jennie \u2013 d\u00e4r komfort m\u00f6ter gemenskap i hj\u00e4rtat av Hua Hin.<\/p><\/div><\/div>\t\t\t\t<\/div>\n\t\t\t\t<\/div>\n\t\t\t\t<div class=\"elementor-element elementor-element-9d3f7d7 elementor-position-left elementor-vertical-align-top elementor-widget elementor-widget-image-box\" data-id=\"9d3f7d7\" data-element_type=\"widget\" data-widget_type=\"image-box.default\">\n\t\t\t\t<div class=\"elementor-widget-container\">\n\t\t\t\t\t<div class=\"elementor-image-box-wrapper\"><figure class=\"elementor-image-box-img\"><a href=\"https:\/\/renthousehuahin.com\/sv\/baan-victoria\/\" tabindex=\"-1\"><img loading=\"lazy\" decoding=\"async\" width=\"1200\" height=\"675\" src=\"https:\/\/renthousehuahin.com\/wp-content\/uploads\/2025\/03\/BV-area-1.jpg\" class=\"attachment-full size-full wp-image-15931\" alt=\"\" srcset=\"https:\/\/renthousehuahin.com\/wp-content\/uploads\/2025\/03\/BV-area-1.jpg 1200w, https:\/\/renthousehuahin.com\/wp-content\/uploads\/2025\/03\/BV-area-1-300x169.jpg 300w, https:\/\/renthousehuahin.com\/wp-content\/uploads\/2025\/03\/BV-area-1-1024x576.jpg 1024w, https:\/\/renthousehuahin.com\/wp-content\/uploads\/2025\/03\/BV-area-1-768x432.jpg 768w\" sizes=\"(max-width: 1200px) 100vw, 1200px\" \/><\/a><\/figure><div class=\"elementor-image-box-content\"><h2 class=\"elementor-image-box-title\"><a href=\"https:\/\/renthousehuahin.com\/sv\/baan-victoria\/\">Uppt\u00e4ck elegansen p\u00e5 Baan Victoria, Hua Hin<\/a><\/h2><p class=\"elementor-image-box-description\">Bel\u00e4get i hj\u00e4rtat av Hua Hin erbjuder Baan Victoria ett sofistikerat boende med stadens bekv\u00e4mligheter n\u00e4ra till hands. Med sin eleganta atmosf\u00e4r, n\u00e4rhet till viktiga faciliteter och en harmonisk gemenskapsk\u00e4nsla presenterar Baan Victoria en livsstil som s\u00f6ml\u00f6st f\u00f6renar finess och modernt boende. V\u00e4lkommen till Baan Victoria \u2013 d\u00e4r elegans m\u00f6ter gemenskap i Hua Hin.<\/p><\/div><\/div>\t\t\t\t<\/div>\n\t\t\t\t<\/div>\n\t\t\t\t\t<\/div>\n\t\t\t\t<\/div>\n\t\t<div class=\"elementor-element elementor-element-980b257 e-flex e-con-boxed e-con e-parent\" data-id=\"980b257\" data-element_type=\"container\">\n\t\t\t\t\t<div class=\"e-con-inner\">\n\t\t\t\t\t<\/div>\n\t\t\t\t<\/div>\n\t\t\t\t<\/div>","protected":false},"excerpt":{"rendered":"<p>Townhouses Discover Comfort at Baan Emma, Hua Hin Set in the heart of Hua Hin, Baan Emma offers cozy living with urban convenience. With its comfortable ambiance, proximity to essential amenities, and a welcoming community spirit, Baan Emma provides a lifestyle that seamlessly combines comfort and modern living. Welcome to Baan Emma, where ease meets [&hellip;]<\/p>","protected":false},"author":1,"featured_media":0,"parent":0,"menu_order":0,"comment_status":"closed","ping_status":"closed","template":"","meta":{"om_disable_all_campaigns":false,"_monsterinsights_skip_tracking":false,"_monsterinsights_sitenote_active":false,"_monsterinsights_sitenote_note":"","_monsterinsights_sitenote_category":0,"footnotes":""},"class_list":["post-15761","page","type-page","status-publish","hentry"],"aioseo_notices":[],"_links":{"self":[{"href":"https:\/\/renthousehuahin.com\/sv\/wp-json\/wp\/v2\/pages\/15761","targetHints":{"allow":["GET"]}}],"collection":[{"href":"https:\/\/renthousehuahin.com\/sv\/wp-json\/wp\/v2\/pages"}],"about":[{"href":"https:\/\/renthousehuahin.com\/sv\/wp-json\/wp\/v2\/types\/page"}],"author":[{"embeddable":true,"href":"https:\/\/renthousehuahin.com\/sv\/wp-json\/wp\/v2\/users\/1"}],"replies":[{"embeddable":true,"href":"https:\/\/renthousehuahin.com\/sv\/wp-json\/wp\/v2\/comments?post=15761"}],"version-history":[{"count":0,"href":"https:\/\/renthousehuahin.com\/sv\/wp-json\/wp\/v2\/pages\/15761\/revisions"}],"wp:attachment":[{"href":"https:\/\/renthousehuahin.com\/sv\/wp-json\/wp\/v2\/media?parent=15761"}],"curies":[{"name":"wp","href":"https:\/\/api.w.org\/{rel}","templated":true}]}}