{"id":16963,"date":"2025-04-02T04:01:50","date_gmt":"2025-04-02T04:01:50","guid":{"rendered":"https:\/\/renthousehuahin.com\/?page_id=16963"},"modified":"2025-04-02T06:12:55","modified_gmt":"2025-04-02T06:12:55","slug":"discover-the-allure-of-hua-hin-your-ideal-getaway","status":"publish","type":"page","link":"https:\/\/renthousehuahin.com\/sv\/discover-the-allure-of-hua-hin-your-ideal-getaway\/","title":{"rendered":"Discover the Allure of Hua Hin: Your Ideal Getaway"},"content":{"rendered":"<div data-elementor-type=\"wp-page\" data-elementor-id=\"16963\" class=\"elementor elementor-16963\" data-elementor-post-type=\"page\">\n\t\t\t\t<div class=\"elementor-element elementor-element-e9d7ab8 e-flex e-con-boxed e-con e-parent\" data-id=\"e9d7ab8\" data-element_type=\"container\">\n\t\t\t\t\t<div class=\"e-con-inner\">\n\t\t\t\t<div class=\"elementor-element elementor-element-1a1a944 elementor-widget elementor-widget-spacer\" data-id=\"1a1a944\" data-element_type=\"widget\" data-widget_type=\"spacer.default\">\n\t\t\t\t<div class=\"elementor-widget-container\">\n\t\t\t\t\t\t\t<div class=\"elementor-spacer\">\n\t\t\t<div class=\"elementor-spacer-inner\"><\/div>\n\t\t<\/div>\n\t\t\t\t\t\t<\/div>\n\t\t\t\t<\/div>\n\t\t\t\t<div class=\"elementor-element elementor-element-b44903c elementor-widget elementor-widget-heading\" data-id=\"b44903c\" data-element_type=\"widget\" data-widget_type=\"heading.default\">\n\t\t\t\t<div class=\"elementor-widget-container\">\n\t\t\t\t\t<h2 class=\"elementor-heading-title elementor-size-default\">Uppt\u00e4ck tjusningen i Hua Hin<\/h2>\t\t\t\t<\/div>\n\t\t\t\t<\/div>\n\t\t\t\t<div class=\"elementor-element elementor-element-921ea05 elementor-widget elementor-widget-text-editor\" data-id=\"921ea05\" data-element_type=\"widget\" data-widget_type=\"text-editor.default\">\n\t\t\t\t<div class=\"elementor-widget-container\">\n\t\t\t\t\t\t\t\t\t<p class=\"site__title\">Din idealiska tillflyktsort<\/p>\t\t\t\t\t\t\t\t<\/div>\n\t\t\t\t<\/div>\n\t\t\t\t<div class=\"elementor-element elementor-element-8e5c8a1 elementor-widget elementor-widget-spacer\" data-id=\"8e5c8a1\" data-element_type=\"widget\" data-widget_type=\"spacer.default\">\n\t\t\t\t<div class=\"elementor-widget-container\">\n\t\t\t\t\t\t\t<div class=\"elementor-spacer\">\n\t\t\t<div class=\"elementor-spacer-inner\"><\/div>\n\t\t<\/div>\n\t\t\t\t\t\t<\/div>\n\t\t\t\t<\/div>\n\t\t\t\t\t<\/div>\n\t\t\t\t<\/div>\n\t\t<div class=\"elementor-element elementor-element-e091d42 e-flex e-con-boxed e-con e-parent\" data-id=\"e091d42\" data-element_type=\"container\">\n\t\t\t\t\t<div class=\"e-con-inner\">\n\t\t\t\t<div class=\"elementor-element elementor-element-44d0c90 elementor-widget elementor-widget-image\" data-id=\"44d0c90\" data-element_type=\"widget\" data-widget_type=\"image.default\">\n\t\t\t\t<div class=\"elementor-widget-container\">\n\t\t\t\t\t\t\t\t\t\t\t\t\t\t\t<img fetchpriority=\"high\" decoding=\"async\" width=\"1600\" height=\"755\" src=\"https:\/\/renthousehuahin.com\/wp-content\/uploads\/2025\/04\/HuaHin-beach01a.jpg\" class=\"attachment-full size-full wp-image-16967\" alt=\"\" srcset=\"https:\/\/renthousehuahin.com\/wp-content\/uploads\/2025\/04\/HuaHin-beach01a.jpg 1600w, https:\/\/renthousehuahin.com\/wp-content\/uploads\/2025\/04\/HuaHin-beach01a-300x142.jpg 300w, https:\/\/renthousehuahin.com\/wp-content\/uploads\/2025\/04\/HuaHin-beach01a-1024x483.jpg 1024w, https:\/\/renthousehuahin.com\/wp-content\/uploads\/2025\/04\/HuaHin-beach01a-768x362.jpg 768w, https:\/\/renthousehuahin.com\/wp-content\/uploads\/2025\/04\/HuaHin-beach01a-1536x725.jpg 1536w, https:\/\/renthousehuahin.com\/wp-content\/uploads\/2025\/04\/HuaHin-beach01a-18x8.jpg 18w\" sizes=\"(max-width: 1600px) 100vw, 1600px\" \/>\t\t\t\t\t\t\t\t\t\t\t\t\t\t\t<\/div>\n\t\t\t\t<\/div>\n\t\t\t\t\t<\/div>\n\t\t\t\t<\/div>\n\t\t<div class=\"elementor-element elementor-element-d8c3ff9 e-flex e-con-boxed e-con e-parent\" data-id=\"d8c3ff9\" data-element_type=\"container\">\n\t\t\t\t\t<div class=\"e-con-inner\">\n\t\t\t\t<div class=\"elementor-element elementor-element-0511a9d elementor-widget elementor-widget-text-editor\" data-id=\"0511a9d\" data-element_type=\"widget\" data-widget_type=\"text-editor.default\">\n\t\t\t\t<div class=\"elementor-widget-container\">\n\t\t\t\t\t\t\t\t\t<h2>Avsl\u00f6jar charmen med Hua Hin<\/h2><p class=\"translation-block\">Inb\u00e4ddat l\u00e4ngs Thailandbuktens f\u00e4ngslande str\u00e4nder st\u00e5r\u00a0<a href=\"https:\/\/en.wikipedia.org\/wiki\/Hua_Hin_district\" target=\"_self\">Hua Hin<\/a>\u00a0som en pittoresk oas som lockar resen\u00e4rer som s\u00f6ker en perfekt blandning av avkoppling, kultur och naturlig sk\u00f6nhet. Som Thailands \u00e4ldsta badort har denna pittoreska stad vuxit fr\u00e5n sitt \u00f6dmjuka fiskebyursprung till en \u00e4lskad destination som erbjuder en unik semesterupplevelse.<a title=\"V\u00e5r personliga tillv\u00e4gag\u00e5ngss\u00e4tt f\u00f6r din perfekta vistelse\" href=\"\/sv\/rental\/listings\/\" target=\"_self\">Rent House Hua Hin har boendet f\u00f6r din vistelse t\u00e4ckt<\/a>.<\/p><h3>Hua Hins rika arv och kulturarv<\/h3><p>Fr\u00e5n sin \u00f6dmjuka b\u00f6rjan p\u00e5 1920-talet, n\u00e4r den thail\u00e4ndska kungen Rama VI etablerade sitt fridfulla sommarpalats, \"Klai Kangwon\" (som betyder \"l\u00e5ngt ifr\u00e5n bekymmer\"), har Hua Hin beh\u00e5llit sin kungliga atmosf\u00e4r. Stadens kungliga anknytning har l\u00e4mnat ett outpl\u00e5nligt sp\u00e5r, med bes\u00f6kare som kan utforska Klai Kangwon-palatset och f\u00f6rdjupa sig i dess rika historia.<\/p><h3>En f\u00f6rtrollande fristad f\u00f6r naturentusiaster<\/h3><p>Hua Hins charm str\u00e4cker sig bortom dess historiska betydelse och v\u00e4lkomnar naturentusiaster med \u00f6ppna armar. Stadens vidstr\u00e4ckta sandstr\u00e4nder erbjuder en lugn tillflyktsort, medan de omgivande landskapen ger en myriad av m\u00f6jligheter till utomhus\u00e4ventyr. Oavsett om du letar efter en avkopplande strandpromenad, sp\u00e4nning med vattensporter eller en lugn vandring i de n\u00e4rliggande nationalparkerna, tillgodoser Hua Hin alla.<\/p><h3>Gastronomiska n\u00f6jen: En kulinarisk resa<\/h3><p>En av Hua Hins mest lockande aspekter \u00e4r dess livliga kulinariska scen. Med en rad lokala gatumatst\u00e5nd och exklusiva matst\u00e4llen kan bes\u00f6karna ge sig ut p\u00e5 en gastronomisk resa genom thail\u00e4ndska smaker och internationella r\u00e4tter. Nattmarknaden, ett livligt nav av smaker, lockar smakl\u00f6kar med l\u00e4ckra r\u00e4tter och en livlig atmosf\u00e4r.<\/p><h3>Moderna bekv\u00e4mligheter och fritidsaktiviteter<\/h3><p>Medan genomsyrad av tradition och historia, blandar Hua Hin utan anstr\u00e4ngning moderna bekv\u00e4mligheter med sin tidl\u00f6sa lockelse. Stadens senaste utveckling, inklusive k\u00f6pcentret Market Village, \u00e4r ett nav f\u00f6r shopping, underh\u00e5llning och avkoppling. Bes\u00f6kare kan utforska ett brett utbud av butiker, se de senaste filmsl\u00e4ppen och njuta av fritidsaktiviteter som bowling.<\/p><h3>Din tillflykt i Hua Hin: Uppt\u00e4ck exklusiva bost\u00e4der f\u00f6r uthyrning<\/h3><p>F\u00f6r att verkligen f\u00f6rdjupa dig i Hua Hins f\u00f6rtrollning, \u00f6verv\u00e4g v\u00e5rt utvalda urval av premium hyresfastigheter. V\u00e5r portf\u00f6lj har en m\u00e4ngd olika uthyrningsalternativ, fr\u00e5n mysiga villor vid stranden till rymliga l\u00e4genheter som erbjuder komfort, avskildhet och bekv\u00e4mlighet. Varje fastighet sk\u00f6ts noggrant, vilket s\u00e4kerst\u00e4ller en s\u00f6ml\u00f6s vistelse som kompletterar stadens lugnande atmosf\u00e4r.<\/p><h3>Upplev Hua Hin p\u00e5 ditt s\u00e4tt<\/h3><p>Hua Hins lockelse ligger i dess f\u00f6rm\u00e5ga att tillgodose olika preferenser. Oavsett om du \u00e4r en golfentusiast som vill sl\u00e5 ut p\u00e5 dess banor i v\u00e4rldsklass eller en kultur\u00e4lskare som \u00e4r sugen p\u00e5 att utforska historiska landm\u00e4rken, levererar Hua Hin. V\u00e5ra fastighetsuthyrningar fungerar som den perfekta basen, s\u00e5 att du kan anpassa din upplevelse och skapa best\u00e5ende minnen.<\/p><h3>Din resa b\u00f6rjar h\u00e4r<\/h3><p>Ge dig ut p\u00e5 en anm\u00e4rkningsv\u00e4rd resa till Hua Hins famn genom att bl\u00e4ddra i v\u00e5r utvalda samling av hyresfastigheter. Varje annons \u00e4r designad f\u00f6r att ge en exceptionell vistelse, vilket s\u00e4kerst\u00e4ller att du har det perfekta hemmet hemifr\u00e5n. Med v\u00e5rt lyh\u00f6rda supportteam tillg\u00e4ngligt \u00e5ret runt \u00e4r du bara ett steg bort fr\u00e5n att g\u00f6ra din semesterdr\u00f6m i Hua Hin till verklighet. Utforska, f\u00f6rest\u00e4ll dig och ge dig ut p\u00e5 en of\u00f6rgl\u00f6mlig Hua Hin-upplevelse med oss.<\/p>\t\t\t\t\t\t\t\t<\/div>\n\t\t\t\t<\/div>\n\t\t\t\t<div class=\"elementor-element elementor-element-20d7cc5 elementor-widget elementor-widget-spacer\" data-id=\"20d7cc5\" data-element_type=\"widget\" data-widget_type=\"spacer.default\">\n\t\t\t\t<div class=\"elementor-widget-container\">\n\t\t\t\t\t\t\t<div class=\"elementor-spacer\">\n\t\t\t<div class=\"elementor-spacer-inner\"><\/div>\n\t\t<\/div>\n\t\t\t\t\t\t<\/div>\n\t\t\t\t<\/div>\n\t\t\t\t\t<\/div>\n\t\t\t\t<\/div>\n\t\t\t\t<\/div>","protected":false},"excerpt":{"rendered":"<p>Discover the Allure of Hua Hin Your Ideal Getaway Unveiling the Charm of Hua Hin Nestled along the captivating shores of the Gulf of Thailand,\u00a0Hua Hin\u00a0stands as a picturesque haven that beckons travelers seeking a perfect blend of relaxation, culture, and natural beauty. As Thailand\u2019s oldest seaside resort, this quaint town has grown from its [&hellip;]<\/p>","protected":false},"author":1,"featured_media":0,"parent":0,"menu_order":0,"comment_status":"closed","ping_status":"closed","template":"","meta":{"om_disable_all_campaigns":false,"_monsterinsights_skip_tracking":false,"_monsterinsights_sitenote_active":false,"_monsterinsights_sitenote_note":"","_monsterinsights_sitenote_category":0,"footnotes":""},"class_list":["post-16963","page","type-page","status-publish","hentry"],"aioseo_notices":[],"_links":{"self":[{"href":"https:\/\/renthousehuahin.com\/sv\/wp-json\/wp\/v2\/pages\/16963","targetHints":{"allow":["GET"]}}],"collection":[{"href":"https:\/\/renthousehuahin.com\/sv\/wp-json\/wp\/v2\/pages"}],"about":[{"href":"https:\/\/renthousehuahin.com\/sv\/wp-json\/wp\/v2\/types\/page"}],"author":[{"embeddable":true,"href":"https:\/\/renthousehuahin.com\/sv\/wp-json\/wp\/v2\/users\/1"}],"replies":[{"embeddable":true,"href":"https:\/\/renthousehuahin.com\/sv\/wp-json\/wp\/v2\/comments?post=16963"}],"version-history":[{"count":0,"href":"https:\/\/renthousehuahin.com\/sv\/wp-json\/wp\/v2\/pages\/16963\/revisions"}],"wp:attachment":[{"href":"https:\/\/renthousehuahin.com\/sv\/wp-json\/wp\/v2\/media?parent=16963"}],"curies":[{"name":"wp","href":"https:\/\/api.w.org\/{rel}","templated":true}]}}